{"id":136,"date":"2024-03-15T09:59:41","date_gmt":"2024-03-15T08:59:41","guid":{"rendered":"https:\/\/lemabo.pl\/?page_id=136"},"modified":"2024-03-15T09:59:41","modified_gmt":"2024-03-15T08:59:41","slug":"drukarki","status":"publish","type":"page","link":"https:\/\/lemabo.pl\/?page_id=136","title":{"rendered":"Drukarki"},"content":{"rendered":"\n<p>Sprzeda\u017c tuszy, toner\u00f3w i innych materia\u0142\u00f3w eksploatacyjnych<\/p>\n\n\n\n<p>-&gt; naprawa<br>-&gt; czyszczenie<br>-&gt; konserwacja<\/p>\n\n\n\n<p>Zakres konserwacji drukarek obejmuje:<br>sprawdzenie mechanizmu drukarki<br>czyszczenie uk\u0142adu poboru i wyj\u015bcia papieru<br>zewn\u0119trzne czyszczenie urz\u0105dzenia.<\/p>\n\n\n\n<p>Specjalizujemy si\u0119 w naprawach drukarek znanych producent\u00f3w:<br>-&gt; HP<br>-&gt; Samsung<br>-&gt; Lexmark<br>-&gt; Brother<br>-&gt; Oki<br>W celu unikni\u0119cie uszkodze\u0144 sprz\u0119tu dokonujemy profesjonalnych przegl\u0105d\u00f3w technicznych oraz konserwacji, kt\u00f3re umo\u017cliwiaj\u0105 bezawaryjn\u0105 prac\u0119 urz\u0105dze\u0144.<\/p>\n","protected":false},"excerpt":{"rendered":"<p>Sprzeda\u017c tuszy, toner\u00f3w i innych materia\u0142\u00f3w eksploatacyjnych -&gt; naprawa-&gt; czyszczenie-&gt; konserwacja Zakres konserwacji drukarek obejmuje:sprawdzenie mechanizmu drukarkiczyszczenie uk\u0142adu poboru i wyj\u015bcia papieruzewn\u0119trzne czyszczenie urz\u0105dzenia. Specjalizujemy si\u0119 w naprawach drukarek znanych producent\u00f3w:-&gt; HP-&gt; Samsung-&gt; Lexmark-&gt; Brother-&gt; OkiW celu unikni\u0119cie uszkodze\u0144 sprz\u0119tu dokonujemy profesjonalnych przegl\u0105d\u00f3w technicznych oraz konserwacji, kt\u00f3re umo\u017cliwiaj\u0105 bezawaryjn\u0105 prac\u0119 urz\u0105dze\u0144.<\/p>\n","protected":false},"author":1,"featured_media":0,"parent":0,"menu_order":0,"comment_status":"closed","ping_status":"closed","template":"","meta":{"footnotes":""},"class_list":["post-136","page","type-page","status-publish","hentry"],"_links":{"self":[{"href":"https:\/\/lemabo.pl\/index.php?rest_route=\/wp\/v2\/pages\/136","targetHints":{"allow":["GET"]}}],"collection":[{"href":"https:\/\/lemabo.pl\/index.php?rest_route=\/wp\/v2\/pages"}],"about":[{"href":"https:\/\/lemabo.pl\/index.php?rest_route=\/wp\/v2\/types\/page"}],"author":[{"embeddable":true,"href":"https:\/\/lemabo.pl\/index.php?rest_route=\/wp\/v2\/users\/1"}],"replies":[{"embeddable":true,"href":"https:\/\/lemabo.pl\/index.php?rest_route=%2Fwp%2Fv2%2Fcomments&post=136"}],"version-history":[{"count":1,"href":"https:\/\/lemabo.pl\/index.php?rest_route=\/wp\/v2\/pages\/136\/revisions"}],"predecessor-version":[{"id":137,"href":"https:\/\/lemabo.pl\/index.php?rest_route=\/wp\/v2\/pages\/136\/revisions\/137"}],"wp:attachment":[{"href":"https:\/\/lemabo.pl\/index.php?rest_route=%2Fwp%2Fv2%2Fmedia&parent=136"}],"curies":[{"name":"wp","href":"https:\/\/api.w.org\/{rel}","templated":true}]}}