{"id":54,"date":"2024-03-13T11:11:00","date_gmt":"2024-03-13T10:11:00","guid":{"rendered":"https:\/\/lemabo.pl\/?page_id=54"},"modified":"2024-03-13T15:30:52","modified_gmt":"2024-03-13T14:30:52","slug":"strona-glowna","status":"publish","type":"page","link":"https:\/\/lemabo.pl\/","title":{"rendered":"Strona g\u0142\u00f3wna"},"content":{"rendered":"\n<p>Jednym z g\u0142\u00f3wnych kierunk\u00f3w dzia\u0142ania naszej firmy jest budowa sieci bezprzewodowych (radiowych) wraz z dost\u0119pem do internetu, szczeg\u00f3lnie na terenach, gdzie brakuje infrastruktury kablowej.<\/p>\n\n\n\n<p>Naszym klientom oferujemy tak\u017ce monta\u017c sieci kamer i systemu monitoringu oraz serwis komputerowy\/drukarek.<\/p>\n","protected":false},"excerpt":{"rendered":"<p>Jednym z g\u0142\u00f3wnych kierunk\u00f3w dzia\u0142ania naszej firmy jest budowa sieci bezprzewodowych (radiowych) wraz z dost\u0119pem do internetu, szczeg\u00f3lnie na terenach, gdzie brakuje infrastruktury kablowej. Naszym klientom oferujemy tak\u017ce monta\u017c sieci kamer i systemu monitoringu oraz serwis komputerowy\/drukarek.<\/p>\n","protected":false},"author":1,"featured_media":28,"parent":0,"menu_order":0,"comment_status":"closed","ping_status":"closed","template":"","meta":{"footnotes":""},"class_list":["post-54","page","type-page","status-publish","has-post-thumbnail","hentry"],"_links":{"self":[{"href":"https:\/\/lemabo.pl\/index.php?rest_route=\/wp\/v2\/pages\/54","targetHints":{"allow":["GET"]}}],"collection":[{"href":"https:\/\/lemabo.pl\/index.php?rest_route=\/wp\/v2\/pages"}],"about":[{"href":"https:\/\/lemabo.pl\/index.php?rest_route=\/wp\/v2\/types\/page"}],"author":[{"embeddable":true,"href":"https:\/\/lemabo.pl\/index.php?rest_route=\/wp\/v2\/users\/1"}],"replies":[{"embeddable":true,"href":"https:\/\/lemabo.pl\/index.php?rest_route=%2Fwp%2Fv2%2Fcomments&post=54"}],"version-history":[{"count":2,"href":"https:\/\/lemabo.pl\/index.php?rest_route=\/wp\/v2\/pages\/54\/revisions"}],"predecessor-version":[{"id":85,"href":"https:\/\/lemabo.pl\/index.php?rest_route=\/wp\/v2\/pages\/54\/revisions\/85"}],"wp:featuredmedia":[{"embeddable":true,"href":"https:\/\/lemabo.pl\/index.php?rest_route=\/wp\/v2\/media\/28"}],"wp:attachment":[{"href":"https:\/\/lemabo.pl\/index.php?rest_route=%2Fwp%2Fv2%2Fmedia&parent=54"}],"curies":[{"name":"wp","href":"https:\/\/api.w.org\/{rel}","templated":true}]}}